{"id":338,"date":"2024-03-07T12:25:43","date_gmt":"2024-03-07T11:25:43","guid":{"rendered":"https:\/\/www.gmedia-service.at\/mediencc\/?page_id=338"},"modified":"2024-03-07T13:01:30","modified_gmt":"2024-03-07T12:01:30","slug":"impressum","status":"publish","type":"page","link":"https:\/\/www.gmedia-service.at\/mediencc\/impressum\/","title":{"rendered":"Impressum"},"content":{"rendered":"\t\t<div data-elementor-type=\"wp-page\" data-elementor-id=\"338\" class=\"elementor elementor-338\" data-elementor-post-type=\"page\">\n\t\t\t\t<div class=\"elementor-element elementor-element-2d910b0 e-flex e-con-boxed e-con e-parent\" data-id=\"2d910b0\" data-element_type=\"container\" data-settings=\"{&quot;jet_parallax_layout_list&quot;:[]}\">\n\t\t\t\t\t<div class=\"e-con-inner\">\n\t\t\t\t<div class=\"elementor-element elementor-element-41f2e90 elementor-widget elementor-widget-text-editor\" data-id=\"41f2e90\" data-element_type=\"widget\" data-widget_type=\"text-editor.default\">\n\t\t\t\t<div class=\"elementor-widget-container\">\n\t\t\t<style>\/*! elementor - v3.21.0 - 26-05-2024 *\/\n.elementor-widget-text-editor.elementor-drop-cap-view-stacked .elementor-drop-cap{background-color:#69727d;color:#fff}.elementor-widget-text-editor.elementor-drop-cap-view-framed .elementor-drop-cap{color:#69727d;border:3px solid;background-color:transparent}.elementor-widget-text-editor:not(.elementor-drop-cap-view-default) .elementor-drop-cap{margin-top:8px}.elementor-widget-text-editor:not(.elementor-drop-cap-view-default) .elementor-drop-cap-letter{width:1em;height:1em}.elementor-widget-text-editor .elementor-drop-cap{float:left;text-align:center;line-height:1;font-size:50px}.elementor-widget-text-editor .elementor-drop-cap-letter{display:inline-block}<\/style>\t\t\t\t<p>F\u00fcr diese Website verantwortlicher Herausgeber:<\/p><h3>Verantwortlich f\u00fcr die Inhalte, Anbieter der Seite<\/h3><p><span style=\"font-size: 1rem;\"><b>GMedia e.U.<br \/><\/b><\/span>Wald 32\/4a,<br \/>6306 S\u00f6ll<\/p><p><b>Bildquelle:<br \/><\/b><span style=\"letter-spacing: 0px;\"> GPhoto<\/span><\/p><p><strong>Gesch\u00e4ftsf\u00fchrung:<br \/><\/strong>G\u00fcnther Fankhauser<\/p><p><strong style=\"letter-spacing: 0px;\">Hersteller:<br \/><\/strong><span style=\"letter-spacing: 0px;\">GMedia e.U.<br \/><\/span><\/p><p><b>Webdesign u.<\/b><strong>Entwicklung:<br \/><\/strong>Gmedia e.U.<br \/>Email: <a href=\"mailto:office@gmedia-service.at\">office@gmedia-service.at<\/a><\/p><p><span style=\"letter-spacing: 0.3px;\"><b>Haftung f\u00fcr Inhalte:<br \/><\/b><\/span><b><\/b>Die Inhalte unserer Seiten wurden mit gr\u00f6\u00dfter Sorgfalt erstellt. F\u00fcr die Richtigkeit, Vollst\u00e4ndigkeit und Aktualit\u00e4t der Inhalte<br \/>k\u00f6nnen wir jedoch keine Gew\u00e4hr \u00fcbernehmen. Als Diensteanbieter sind wir gem\u00e4\u00df \u00a7 7 Abs.1 TMG f\u00fcr eigene Inhalte auf diesen Seiten nach den allgemeinen Gesetzen verantwortlich. Nach \u00a7\u00a7 8 bis 10 TMG sind wir als Diensteanbieter jedoch nicht verpflichtet, \u00fcbermittelte oder gespeicherte fremde Informationen zu \u00fcberwachen oder nach Umst\u00e4nden zu forschen, die auf eine rechtswidrige T\u00e4tigkeit hinweisen. Verpflichtungen zur Entfernung oder Sperrung der Nutzung von Informationen nach den allgemeinen Gesetzen bleiben hiervon unber\u00fchrt. Eine diesbez\u00fcgliche Haftung ist jedoch erst ab dem Zeitpunkt der Kenntnis einer konkreten Rechtsverletzung m\u00f6glich. Bei Bekanntwerden von entsprechenden Rechtsverletzungen werden wir diese Inhalte umgehend entfernen.<\/p><p><strong>Haftung f\u00fcr Links:<br \/><\/strong>Unser Angebot enth\u00e4lt Links zu externen Webseiten Dritter, auf deren Inhalte wir keinen Einfluss haben. Deshalb k\u00f6nnen wir f\u00fcr diese fremden Inhalte auch keine Gew\u00e4hr \u00fcbernehmen. F\u00fcr die Inhalte der verlinkten Seiten ist stets der jeweilige Anbieter oder Betreiber der Seiten verantwortlich. Die verlinkten Seiten wurden zum Zeitpunkt der Verlinkung auf m\u00f6gliche Rechtsverst\u00f6\u00dfe \u00fcberpr\u00fcft. Rechtswidrige Inhalte waren zum Zeitpunkt der Verlinkung nicht erkennbar. Eine permanente inhaltliche Kontrolle der verlinkten Seiten ist jedoch ohne konkrete Anhaltspunkte einer Rechtsverletzung nicht zumutbar. Bei Bekanntwerden von Rechtsverletzungen werden wir derartige Links umgehend entfernen.<\/p><p><strong>Urheberrecht:<br \/><\/strong><strong>\u00a9 Copyright Gmedia:<br \/><\/strong>Alle Rechte vorbehalten. Text, Bilder, Grafiken, Sound, Animationen und Videos unterliegen dem Schutz des Urheberrechts und anderer Schutzgesetze. Grunds\u00e4tzlich ist es nicht erlaubt, Informationen, die sich auf dieser Webseite befinden, in jedweder Form zu kopieren, zu reproduzieren, zu ver\u00f6ffentlichen oder in anderer Form zu verteilen. Es ist lediglich erlaubt, dass Sie zum privaten und nichtkommerziellen Gebrauch eine Kopie des Materials auf einen einzelnen Computer herunterladen, vorausgesetzt, dass Sie s\u00e4mtliche Hinweise \u00fcber Urheberrechte und sonstige Schutzrechte nicht ver\u00e4ndern oder l\u00f6schen. Eine etwaige Verlinkung ist nur mit unserer Zustimmung erlaubt.<\/p>\t\t\t\t\t\t<\/div>\n\t\t\t\t<\/div>\n\t\t\t\t\t<\/div>\n\t\t\t\t<\/div>\n\t\t\t\t<\/div>\n\t\t","protected":false},"excerpt":{"rendered":"<p>F\u00fcr diese Website verantwortlicher Herausgeber: Verantwortlich f\u00fcr die Inhalte, Anbieter der Seite GMedia e.U.Wald 32\/4a,6306 S\u00f6ll Bildquelle: GPhoto Gesch\u00e4ftsf\u00fchrung:G\u00fcnther Fankhauser Hersteller:GMedia e.U. Webdesign u.Entwicklung:Gmedia e.U.Email: office@gmedia-service.at Haftung f\u00fcr Inhalte:Die Inhalte unserer Seiten wurden mit gr\u00f6\u00dfter Sorgfalt erstellt. F\u00fcr die Richtigkeit, Vollst\u00e4ndigkeit und Aktualit\u00e4t der Inhaltek\u00f6nnen wir jedoch keine Gew\u00e4hr \u00fcbernehmen. Als Diensteanbieter sind wir gem\u00e4\u00df [&hellip;]<\/p>\n","protected":false},"author":1,"featured_media":0,"parent":0,"menu_order":0,"comment_status":"closed","ping_status":"closed","template":"elementor_header_footer","meta":{"footnotes":""},"class_list":["post-338","page","type-page","status-publish","hentry"],"_links":{"self":[{"href":"https:\/\/www.gmedia-service.at\/mediencc\/wp-json\/wp\/v2\/pages\/338","targetHints":{"allow":["GET"]}}],"collection":[{"href":"https:\/\/www.gmedia-service.at\/mediencc\/wp-json\/wp\/v2\/pages"}],"about":[{"href":"https:\/\/www.gmedia-service.at\/mediencc\/wp-json\/wp\/v2\/types\/page"}],"author":[{"embeddable":true,"href":"https:\/\/www.gmedia-service.at\/mediencc\/wp-json\/wp\/v2\/users\/1"}],"replies":[{"embeddable":true,"href":"https:\/\/www.gmedia-service.at\/mediencc\/wp-json\/wp\/v2\/comments?post=338"}],"version-history":[{"count":0,"href":"https:\/\/www.gmedia-service.at\/mediencc\/wp-json\/wp\/v2\/pages\/338\/revisions"}],"wp:attachment":[{"href":"https:\/\/www.gmedia-service.at\/mediencc\/wp-json\/wp\/v2\/media?parent=338"}],"curies":[{"name":"wp","href":"https:\/\/api.w.org\/{rel}","templated":true}]}}